{"id":8130,"date":"2023-04-04T14:38:46","date_gmt":"2023-04-04T14:38:46","guid":{"rendered":"https:\/\/balticbait.com\/?post_type=product&#038;p=8130"},"modified":"2023-04-04T15:13:09","modified_gmt":"2023-04-04T15:13:09","slug":"yamaga-blanks-earley-103m-for-surf","status":"publish","type":"product","link":"https:\/\/balticbait.com\/lt\/shop\/yamaga-blanks-earley-103m-for-surf\/","title":{"rendered":"Yamaga Blanks Earley 103M u\u017e banglen\u010di\u0173 sport\u0105"},"content":{"rendered":"","protected":false},"excerpt":{"rendered":"","protected":false},"featured_media":8136,"template":"","meta":[],"product_cat":[328,111,139,113,115],"product_tag":[],"class_list":{"0":"post-8130","1":"product","2":"type-product","3":"status-publish","4":"has-post-thumbnail","6":"product_brand-yamaga-blanks","7":"product_cat-early","8":"product_cat-rods","9":"product_cat-salmon","10":"product_cat-spinning-rods","11":"product_cat-yamaga-blanks-spinning-rods","12":"pa_target-fish-salmon","14":"first","15":"outofstock","16":"sale","17":"shipping-taxable","18":"purchasable","19":"product-type-simple"},"aioseo_notices":[],"_links":{"self":[{"href":"https:\/\/balticbait.com\/lt\/wp-json\/wp\/v2\/product\/8130","targetHints":{"allow":["GET"]}}],"collection":[{"href":"https:\/\/balticbait.com\/lt\/wp-json\/wp\/v2\/product"}],"about":[{"href":"https:\/\/balticbait.com\/lt\/wp-json\/wp\/v2\/types\/product"}],"wp:featuredmedia":[{"embeddable":true,"href":"https:\/\/balticbait.com\/lt\/wp-json\/wp\/v2\/media\/8136"}],"wp:attachment":[{"href":"https:\/\/balticbait.com\/lt\/wp-json\/wp\/v2\/media?parent=8130"}],"wp:term":[{"taxonomy":"product_cat","embeddable":true,"href":"https:\/\/balticbait.com\/lt\/wp-json\/wp\/v2\/product_cat?post=8130"},{"taxonomy":"product_tag","embeddable":true,"href":"https:\/\/balticbait.com\/lt\/wp-json\/wp\/v2\/product_tag?post=8130"}],"curies":[{"name":"wp","href":"https:\/\/api.w.org\/{rel}","templated":true}]}}