{"id":7400,"date":"2022-02-17T13:28:38","date_gmt":"2022-02-17T13:28:38","guid":{"rendered":"https:\/\/balticbait.com\/?post_type=product&#038;p=7400"},"modified":"2022-02-17T13:32:58","modified_gmt":"2022-02-17T13:32:58","slug":"ito-craft-emishi-50s-ymp","status":"publish","type":"product","link":"https:\/\/balticbait.com\/lt\/shop\/ito-craft-emishi-50s-ymp\/","title":{"rendered":"\"Ito Craft Emishi\" 50-\u0173j\u0173 met\u0173 YMP"},"content":{"rendered":"","protected":false},"excerpt":{"rendered":"","protected":false},"featured_media":7401,"template":"","meta":[],"product_cat":[278,124,276,123,140],"product_tag":[],"class_list":{"0":"post-7400","1":"product","2":"type-product","3":"status-publish","4":"has-post-thumbnail","6":"product_cat-emishi-50s","7":"product_cat-hard-lures","8":"product_cat-ito-craft","9":"product_cat-lures","10":"product_cat-trout","11":"pa_target-fish-trout","13":"first","14":"outofstock","15":"sale","16":"shipping-taxable","17":"purchasable","18":"product-type-simple"},"aioseo_notices":[],"_links":{"self":[{"href":"https:\/\/balticbait.com\/lt\/wp-json\/wp\/v2\/product\/7400","targetHints":{"allow":["GET"]}}],"collection":[{"href":"https:\/\/balticbait.com\/lt\/wp-json\/wp\/v2\/product"}],"about":[{"href":"https:\/\/balticbait.com\/lt\/wp-json\/wp\/v2\/types\/product"}],"wp:featuredmedia":[{"embeddable":true,"href":"https:\/\/balticbait.com\/lt\/wp-json\/wp\/v2\/media\/7401"}],"wp:attachment":[{"href":"https:\/\/balticbait.com\/lt\/wp-json\/wp\/v2\/media?parent=7400"}],"wp:term":[{"taxonomy":"product_cat","embeddable":true,"href":"https:\/\/balticbait.com\/lt\/wp-json\/wp\/v2\/product_cat?post=7400"},{"taxonomy":"product_tag","embeddable":true,"href":"https:\/\/balticbait.com\/lt\/wp-json\/wp\/v2\/product_tag?post=7400"}],"curies":[{"name":"wp","href":"https:\/\/api.w.org\/{rel}","templated":true}]}}