{"id":11533,"date":"2025-07-22T12:59:45","date_gmt":"2025-07-22T12:59:45","guid":{"rendered":"https:\/\/balticbait.com\/?post_type=product&#038;p=11533"},"modified":"2025-08-04T06:31:47","modified_gmt":"2025-08-04T06:31:47","slug":"yamanami-vest","status":"publish","type":"product","link":"https:\/\/balticbait.com\/lt\/shop\/yamanami-vest\/","title":{"rendered":"Yamanami liemen\u0117"},"content":{"rendered":"","protected":false},"excerpt":{"rendered":"<p>Pristatome Yamanami mobilumo liemen\u0119<br \/>\n\"Siekiant akimirk\u0173, kurios sujudina \u0161ird\u012f.\"<\/p>\n<p>Yamanami liemen\u0117 \u2013 tai inovatyvi \u017evejybin\u0117 liemen\u0117, sukurta bendradarbiaujant su \u201eMinowa Vest Laboratory\".<br \/>\n\u0160is gaminys sujungia funkcionalum\u0105 ir \u0161iuolaikin\u012f dizain\u0105, siekiant u\u017etikrinti maksimal\u0173 komfort\u0105 ir jud\u0117jimo laisv\u0119 \u017evejybos metu.<\/p>\n<p>\ud83d\udd04 Modulinis dizainas: Liemen\u0119 ir kuprin\u0119 galima atskirti arba sujungti pagal poreik\u012f.<\/p>\n<p>\ud83c\udfc3 Tikras mobilumas: Lengva, \u017eema profilio konstrukcija aktyviai \u017evejybai upeliuose.<\/p>\n<p>\ud83d\udca7 10 l talpos kuprin\u0117: Talpi ir kompakti\u0161ka \u2013 svarbiausiems daiktams susid\u0117ti.<\/p>\n<p>\ud83c\udf0a Versatile Use: Ideal for headwaters, main flow, and rural rivers<\/p>","protected":false},"featured_media":11534,"template":"","meta":[],"product_cat":[457,440,491,492],"product_tag":[],"class_list":{"0":"post-11533","1":"product","2":"type-product","3":"status-publish","4":"has-post-thumbnail","6":"product_brand-yamanami","7":"product_cat-clothing","8":"product_cat-new-products","9":"product_cat-vest","10":"product_cat-yamanami-vest","12":"first","13":"instock","14":"sale","15":"shipping-taxable","16":"purchasable","17":"product-type-simple"},"aioseo_notices":[],"_links":{"self":[{"href":"https:\/\/balticbait.com\/lt\/wp-json\/wp\/v2\/product\/11533","targetHints":{"allow":["GET"]}}],"collection":[{"href":"https:\/\/balticbait.com\/lt\/wp-json\/wp\/v2\/product"}],"about":[{"href":"https:\/\/balticbait.com\/lt\/wp-json\/wp\/v2\/types\/product"}],"wp:featuredmedia":[{"embeddable":true,"href":"https:\/\/balticbait.com\/lt\/wp-json\/wp\/v2\/media\/11534"}],"wp:attachment":[{"href":"https:\/\/balticbait.com\/lt\/wp-json\/wp\/v2\/media?parent=11533"}],"wp:term":[{"taxonomy":"product_cat","embeddable":true,"href":"https:\/\/balticbait.com\/lt\/wp-json\/wp\/v2\/product_cat?post=11533"},{"taxonomy":"product_tag","embeddable":true,"href":"https:\/\/balticbait.com\/lt\/wp-json\/wp\/v2\/product_tag?post=11533"}],"curies":[{"name":"wp","href":"https:\/\/api.w.org\/{rel}","templated":true}]}}