{"id":6323,"date":"2021-03-03T17:06:48","date_gmt":"2021-03-03T17:06:48","guid":{"rendered":"https:\/\/balticbait.com\/?page_id=6323"},"modified":"2024-01-10T16:08:14","modified_gmt":"2024-01-10T16:08:14","slug":"return-policy","status":"publish","type":"page","link":"https:\/\/balticbait.com\/lt\/return-policy\/","title":{"rendered":"Preki\u0173 gr\u0105\u017einimas ir garantijos"},"content":{"rendered":"<div class=\"vc_row wpb_row vc_row-fluid\"><div class=\"wpb_column vc_column_container vc_col-sm-12\"><div class=\"vc_column-inner\"><div class=\"wpb_wrapper\">\n\t<div class=\"wpb_text_column wpb_content_element\" >\n\t\t<div class=\"wpb_wrapper\">\n\t\t\t<div class=\"translation-block\">\n<p style=\"margin-bottom:10pt;text-align:justify;line-height:150%\">\n\t\t\t\t<h3><strong><\/strong><strong><span>Preki\u0173 keitimo ir gr\u0105\u017einimo tvarka<\/span><\/strong><\/h3>\n\t\t\t<\/p>\n\t\t\t<p style=\"margin-bottom:10pt;text-align:justify;line-height:150%\">\n\t\t\t\tPreki\u0173 tr\u016bkumai \u0161alinami, nekokybi\u0161kos prek\u0117s kei\u010diamos ir gr\u0105\u017einamos vadovaujantis Lietuvos Respublikos civilinio kodekso ir Lietuvos Respublikos \u016akio ministro 2001 m. bir\u017eelio 29 d. \u012fsakymo \u201eD\u0117l daikt\u0173 gr\u0105\u017einimo ir keitimo taisykli\u0173 patvirtinimo\u201c nuostatomis (Ma\u017emenin\u0117s prekybos taisykl\u0117s, 2014 m. liepos 22 d., Nr. 738 redakcija).\n\t\t\t<\/p>\n\t\t\t<p style=\"margin-bottom:10pt;text-align:justify;line-height:150%\">\n\t\t\t\tBalticbait.com visoms prek\u0117ms taiko 14 dien\u0173, nuo prek\u0117s gavimo datos, pinig\u0173 gr\u0105\u017einimo garantij\u0105.\n\t\t\t<\/p>\n\t\t\t<p style=\"text-align:justify;line-height:150%\">\n\t\t\t\tPreki\u0173 keitimas ar gr\u0105\u017einimas atliekamas pirk\u0117jui savaranki\u0161kai prista\u010dius prekes \u012f pardav\u0117jo sand\u0117l\u012f arba naudojantis kurjeri\u0173 tarnybos paslaugomis. Visas siuntimo i\u0161laidas apmoka Pirk\u0117jas. Gr\u0105\u017einamos dalys kurjeriui arba tiesiogiai \u012f pardav\u0117jo sand\u0117l\u012f turi b\u016bti perduotos per 5 dienas nuo gr\u0105\u017einimo formos pateikimo Balticbait.com. V\u0117luojant perduoti prekes - garantija nebetaikoma.\n\t\t\t<\/p>\n\t\t\t<p style=\"text-align:justify;line-height:150%\">\n\t\t\t\tNesugadintos ir neardytos prek\u0117s priimamos atgal arba kei\u010diamos \u012f kitas prekes, pateikus pirkim\u0105 patvirtinan\u010dius dokumentus bei ra\u0161ti\u0161k\u0105 pirk\u0117jo pra\u0161ym\u0105.\n\t\t\t<\/p>\n\t\t\t<p style=\"text-align:justify;line-height:150%\">\n\t\t\t\tGr\u0105\u017eindamas prekes Pirk\u0117jas privalo:\n\t\t\t<\/p>\n\t\t\t<p style=\"text-align:justify;line-height:150%\">\n\t\t\t\t1. Gr\u0105\u017einti prek\u0119 originalioje, tvarkingoje pakuot\u0117je, tokios pat komplektacijos ir b\u016bkl\u0117s;\n\t\t\t<\/p>\n\t\t\t<p style=\"text-align:justify;line-height:150%\">\n\t\t\t\t2. Prek\u0117s nebuvo naudojamos.\n\t\t\t<\/p>\n\t\t\t<p style=\"text-align:justify;line-height:150%\">\n\t\t\t\t3. Pardav\u0117jas turi teis\u0119 nepriimti Pirk\u0117jo gr\u0105\u017einam\u0173 preki\u0173, jei Pirk\u0117jas nesilaiko Naudojimo taisykl\u0117se nustatytos preki\u0173 gr\u0105\u017einimo tvarkos.\n\t\t\t<\/p>\n\t\t\t<p style=\"text-align:justify;line-height:150%\">\n\t\t\t\t4. Gr\u0105\u017einimo garantija nedengia i\u0161laid\u0173, kurios vir\u0161ija bendr\u0105 konkretaus u\u017esakymo ir pristatymo sum\u0105.\n\t\t\t<\/p>\n\t\t\t<p style=\"text-align:justify;line-height:150%\">\n\t\t\t\tBalticbait.com neatsako u\u017e tai, kad <a href=\"https:\/\/balticbait.com\/lt\/\" style=\"text-decoration:none\"><span class=\"Hyperlink\">www.balticbait.com<\/span><\/a> esan\u010dios prek\u0117s savo dyd\u017eiu, forma, spalva, ar kitais parametrais gali neatitikti realaus preki\u0173 dyd\u017eio, form\u0173, spalvos ar kit\u0173 parametr\u0173 d\u0117l Pirk\u0117jo naudojamo vaizduoklio ypatybi\u0173 ar kit\u0173 technini\u0173 prie\u017eas\u010di\u0173. Pirk\u0117jui rekomenduojama perskaityti prek\u0117s apra\u0161ym\u0105.\n\t\t\t<\/p>\n\t\t\t<p style=\"text-align:justify;line-height:150%\">\n\t\t\t\t\u012e\u00a0 gr\u0105\u017eintin\u0173\u00a0 preki\u0173 ar paslaug\u0173 s\u0105ra\u0161\u0105 n\u0117ra \u012f traukiamos:\n\t\t\t<\/p>\n\t\t\t<p style=\"text-align:justify;line-height:150%\">\n\t\t\t\t1.Pagal individual\u0173 kliento poreik\u012f pagaminta ar u\u017esakyta prek\u0117.\n\t\t\t<\/p>\n\t\t\t<p style=\"text-align:justify;line-height:150%\">\n\t\t\t\t2. Dovan\u0173 kuponai.\n\t\t\t<\/p>\n\t\t\t<p style=\"text-align:justify;line-height:150%\">\n\t\t\t\t3. Sudau\u017eytos, sugadintos, subrai\u017eytos ar kitaip d\u0117l kliento kalt\u0117s mechani\u0161kai pa\u017eeistos prek\u0117s, taip pat prek\u0117s be gamyklinio \u012fpakavimo.\n\t\t\t<\/p>\n\t\t\t<p style=\"text-align:justify;line-height:150%\">\n\t\t\t\tAtsisakius sutarties, u\u017e prek\u0119 sumok\u0117tus pinigus Pirk\u0117jui \u012f nurodyt\u0105 s\u0105skait\u0105 gr\u0105\u017einami per 10 (de\u0161imt) dien\u0173 nuo prek\u0117s gr\u0105\u017einimo dienos.\n\t\t\t<\/p>\n\t\t\t<p style=\"text-align:justify;line-height:150%\">\n\t\t\t\tNekokybi\u0161kos prek\u0117s kei\u010diamos \u012f kitas be papildomo pristatymo mokes\u010dio.\n\t\t\t<\/p>\n\t\t\t<p style=\"text-align:justify;line-height:150%\">\n\t\t\t\tBalticbait.com turi teis\u0119 negr\u0105\u017einti Jums sumok\u0117t\u0173 pinig\u0173, kol prek\u0117s n\u0117ra gr\u0105\u017eintos pardav\u0117jui, t.y. mums.\n\t\t\t<\/p>\n\t\t\t<p style=\"text-align:justify;line-height:150%\">\n\t\t\t\tGr\u0105\u017einamos prek\u0117s siun\u010diamos adres\u0173:\n\t\t\t<\/p>\n\t\t\t<p style=\"text-align:justify;line-height:150%\">\n\t\t\t\tMB Baltic bait\n\t\t\t<\/p>\n\t\t\t<p style=\"text-align:justify;line-height:150%\">\n\t\t\t\tVir\u0161uli\u0161ki\u0173 g. 28-38, LT-05110 Vilnius,\n\t\t\t<\/p>\n\t\t\t<p style=\"text-align:justify;line-height:150%\">\n\t\t\t\tLietuva\n\t\t\t<\/p>\n\t\t\t<p style=\"text-align:justify;line-height:150%\">\n\t\t\t\tKilus gin\u010dui d\u0117l gr\u0105\u017einamos prek\u0117s i\u0161vaizdos pasikeitim\u0173 ar prek\u0117s sugadinimo, Balticbait.com kreipiasi \u012f Valstybin\u0119 Vartotoj\u0173 teisi\u0173 apsaugos tarnyb\u0105 ir pateikia prek\u0119 ekspertizei. Ekspertiz\u0117s i\u0161laidas padengia kaltoji \u0161alis;\n\t\t\t<\/p>\n<\/div>\n\n\t\t<\/div>\n\t<\/div>\n<\/div><\/div><\/div><\/div>","protected":false},"excerpt":{"rendered":"Warranty Send the returned goods for example, by registered mail or an economic parcel. We send goods from to the manufacturer, and after receiving the claimed equipment from the guarantor, we send it back to you on our cost and &hellip; <a href=\"https:\/\/balticbait.com\/lt\/return-policy\/\">Readmore<\/a>","protected":false},"author":1,"featured_media":0,"parent":0,"menu_order":0,"comment_status":"closed","ping_status":"closed","template":"","meta":{"footnotes":""},"class_list":["post-6323","page","type-page","status-publish","hentry"],"aioseo_notices":[],"_links":{"self":[{"href":"https:\/\/balticbait.com\/lt\/wp-json\/wp\/v2\/pages\/6323","targetHints":{"allow":["GET"]}}],"collection":[{"href":"https:\/\/balticbait.com\/lt\/wp-json\/wp\/v2\/pages"}],"about":[{"href":"https:\/\/balticbait.com\/lt\/wp-json\/wp\/v2\/types\/page"}],"author":[{"embeddable":true,"href":"https:\/\/balticbait.com\/lt\/wp-json\/wp\/v2\/users\/1"}],"replies":[{"embeddable":true,"href":"https:\/\/balticbait.com\/lt\/wp-json\/wp\/v2\/comments?post=6323"}],"version-history":[{"count":0,"href":"https:\/\/balticbait.com\/lt\/wp-json\/wp\/v2\/pages\/6323\/revisions"}],"wp:attachment":[{"href":"https:\/\/balticbait.com\/lt\/wp-json\/wp\/v2\/media?parent=6323"}],"curies":[{"name":"wp","href":"https:\/\/api.w.org\/{rel}","templated":true}]}}